{"id":237,"date":"2021-06-22T12:24:43","date_gmt":"2021-06-22T12:24:43","guid":{"rendered":"http:\/\/s277494397.onlinehome.fr\/?page_id=237"},"modified":"2021-06-24T13:45:54","modified_gmt":"2021-06-24T13:45:54","slug":"references","status":"publish","type":"page","link":"https:\/\/cpia.fr\/en\/references","title":{"rendered":"Achievements"},"content":{"rendered":"<div class=\"wp-block-columns alignfull is-layout-flex wp-container-core-columns-is-layout-9d6595d7 wp-block-columns-is-layout-flex\">\n<div class=\"wp-block-column is-layout-flow wp-block-column-is-layout-flow\">\n<h3 class=\"alignfull has-text-align-center wp-block-heading\"><span style=\"color:#2f4a66\" class=\"tadv-color\">Logistics platform for Boulanger<\/span><\/h3>\n\n\n\n<figure class=\"wp-block-image size-large is-style-rounded20px\"><img loading=\"lazy\" decoding=\"async\" width=\"570\" height=\"305\" src=\"http:\/\/s277494397.onlinehome.fr\/wp-content\/uploads\/2021\/06\/cache_27296021.jpg\" alt=\"\" class=\"wp-image-239\" srcset=\"https:\/\/cpia.fr\/wp-content\/uploads\/2021\/06\/cache_27296021.jpg 570w, https:\/\/cpia.fr\/wp-content\/uploads\/2021\/06\/cache_27296021-300x161.jpg 300w\" sizes=\"auto, (max-width: 570px) 100vw, 570px\" \/><\/figure>\n\n\n\n<p class=\"has-text-align-center\"><strong>Project Management Assistance<\/strong><br>&nbsp;<br><em>Project Owner : ID LOGISTICS<\/em><br>&nbsp;<br>(Graveson, France, Bouches du Rh\u00f4ne)<br>35\u202f000 m\u00b2 of logistics halls<br>500 m\u00b2 of offices<\/p>\n\n\n\n<h3 class=\"has-text-align-center wp-block-heading\"><span style=\"color:#2f4a66\" class=\"tadv-color\">Extension for the Boulanger logistics platform<\/span><\/h3>\n\n\n\n<figure class=\"wp-block-image size-large is-style-rounded20px\"><img loading=\"lazy\" decoding=\"async\" width=\"660\" height=\"162\" src=\"http:\/\/s277494397.onlinehome.fr\/wp-content\/uploads\/2021\/06\/cache_27295267.jpg\" alt=\"\" class=\"wp-image-261\" srcset=\"https:\/\/cpia.fr\/wp-content\/uploads\/2021\/06\/cache_27295267.jpg 660w, https:\/\/cpia.fr\/wp-content\/uploads\/2021\/06\/cache_27295267-300x74.jpg 300w\" sizes=\"auto, (max-width: 660px) 100vw, 660px\" \/><\/figure>\n\n\n\n<p class=\"has-text-align-center\"><strong>Project Management Assistance for the realization of the building licence<\/strong><\/p>\n\n\n\n<p class=\"has-text-align-center\"><em>Project Owner : ID LOGISTICS<\/em><\/p>\n\n\n\n<p class=\"has-text-align-center\">(Graveson, France, Bouches du Rh\u00f4ne)<br>15\u202f000 m\u00b2<\/p>\n\n\n\n<h3 class=\"has-text-align-center wp-block-heading\"><span style=\"color:#2f4a66\" class=\"tadv-color\">Logistics platform for Galeries Lafayette<\/span><\/h3>\n\n\n\n<figure class=\"wp-block-image size-large is-style-rounded20px\"><img loading=\"lazy\" decoding=\"async\" width=\"630\" height=\"206\" src=\"http:\/\/s277494397.onlinehome.fr\/wp-content\/uploads\/2021\/06\/cache_27295371.jpg\" alt=\"\" class=\"wp-image-265\" srcset=\"https:\/\/cpia.fr\/wp-content\/uploads\/2021\/06\/cache_27295371.jpg 630w, https:\/\/cpia.fr\/wp-content\/uploads\/2021\/06\/cache_27295371-300x98.jpg 300w\" sizes=\"auto, (max-width: 630px) 100vw, 630px\" \/><\/figure>\n\n\n\n<p class=\"has-text-align-center\"><strong>Project Management Assistance on the promoter side<\/strong><\/p>\n\n\n\n<p class=\"has-text-align-center\"><em>Project Owner : PROLOGIS<\/em><\/p>\n\n\n\n<p class=\"has-text-align-center translation-block\">(Bonneuil, France, Val de Marne)<br>17\u202f000 m\u00b2 of logistics halls<br>2\u202f000 m\u00b2 of offices<br>First <strong>LEED-certified<\/strong> logistics platform in France<\/p>\n\n\n\n<h3 class=\"has-text-align-center wp-block-heading\"><span style=\"color:#2f4a66\" class=\"tadv-color\">La Poste : mail platform with rail connections<\/span><\/h3>\n\n\n\n<figure class=\"wp-block-image size-large is-style-rounded20px\"><img loading=\"lazy\" decoding=\"async\" width=\"600\" height=\"362\" src=\"http:\/\/s277494397.onlinehome.fr\/wp-content\/uploads\/2021\/06\/cache_27295738.jpg\" alt=\"\" class=\"wp-image-267\" srcset=\"https:\/\/cpia.fr\/wp-content\/uploads\/2021\/06\/cache_27295738.jpg 600w, https:\/\/cpia.fr\/wp-content\/uploads\/2021\/06\/cache_27295738-300x181.jpg 300w\" sizes=\"auto, (max-width: 600px) 100vw, 600px\" \/><\/figure>\n\n\n\n<p class=\"has-text-align-center\"><strong>Project Management Assistance<\/strong><\/p>\n\n\n\n<p class=\"has-text-align-center\"><em>Project Owner : POSTE IMMO<\/em><\/p>\n\n\n\n<p class=\"has-text-align-center\">(Bonneuil, France, Val de Marne)<br>17\u202f000 m\u00b2 of mail platform with rail connections<br>4\u202f000 m\u00b2 of offices<\/p>\n<\/div>\n\n\n\n<div class=\"wp-block-column is-layout-flow wp-block-column-is-layout-flow\">\n<h3 class=\"alignfull has-text-align-center wp-block-heading\"><span style=\"color:#2f4a66\" class=\"tadv-color\">Warehouse with automated platform for Axens<\/span><\/h3>\n\n\n\n<div class=\"wp-block-image\"><figure class=\"aligncenter is-resized is-style-rounded20px\"><img loading=\"lazy\" decoding=\"async\" src=\"https:\/\/cpia.fr\/wp-content\/uploads\/2021\/06\/20210323_0857015-7-1024x768.jpg\" alt=\"\" class=\"wp-image-576\" width=\"542\" height=\"405\" srcset=\"https:\/\/cpia.fr\/wp-content\/uploads\/2021\/06\/20210323_0857015-7-300x225.jpg 300w, https:\/\/cpia.fr\/wp-content\/uploads\/2021\/06\/20210323_0857015-7-16x12.jpg 16w\" sizes=\"auto, (max-width: 542px) 100vw, 542px\" \/><\/figure><\/div>\n\n\n\n<div class=\"wp-block-image\"><figure class=\"aligncenter size-large is-resized is-style-rounded20px\"><\/figure><\/div>\n\n\n\n<p class=\"has-text-align-center\"><strong>Project Management Assistance<\/strong><\/p>\n\n\n\n<p class=\"has-text-align-center\"><em>Project Owner\u00a0: Axens<\/em><\/p>\n\n\n\n<p class=\"has-text-align-center\">(Salindres, France, Gard)<br>20\u202f000 m\u00b2 of factories and logistics halls on occupied site<br>Raising of existing offices<\/p>\n\n\n\n<h3 class=\"alignfull has-text-align-center wp-block-heading\"><span style=\"color:#2f4a66\" class=\"tadv-color\">Lafarge<\/span><\/h3>\n\n\n\n<figure class=\"wp-block-image size-large is-style-rounded20px\"><img loading=\"lazy\" decoding=\"async\" width=\"600\" height=\"164\" src=\"http:\/\/s277494397.onlinehome.fr\/wp-content\/uploads\/2021\/06\/cache_27296103.jpg\" alt=\"\" class=\"wp-image-258\" srcset=\"https:\/\/cpia.fr\/wp-content\/uploads\/2021\/06\/cache_27296103.jpg 600w, https:\/\/cpia.fr\/wp-content\/uploads\/2021\/06\/cache_27296103-300x82.jpg 300w\" sizes=\"auto, (max-width: 600px) 100vw, 600px\" \/><\/figure>\n\n\n\n<p class=\"has-text-align-center\"><strong>Project Management Assistance<\/strong><\/p>\n\n\n\n<h3 class=\"alignfull has-text-align-center wp-block-heading\"><span style=\"color:#2f4a66\" class=\"tadv-color\">La Poste : industrial hall and mail platform in Rennes<\/span><\/h3>\n\n\n\n<figure class=\"wp-block-image size-large is-style-rounded20px\"><img loading=\"lazy\" decoding=\"async\" width=\"630\" height=\"171\" src=\"http:\/\/s277494397.onlinehome.fr\/wp-content\/uploads\/2021\/06\/cache_27294892.jpg\" alt=\"\" class=\"wp-image-263\" srcset=\"https:\/\/cpia.fr\/wp-content\/uploads\/2021\/06\/cache_27294892.jpg 630w, https:\/\/cpia.fr\/wp-content\/uploads\/2021\/06\/cache_27294892-300x81.jpg 300w\" sizes=\"auto, (max-width: 630px) 100vw, 630px\" \/><\/figure>\n\n\n\n<p class=\"has-text-align-center\"><strong>General assistance to the company<\/strong><\/p>\n\n\n\n<p class=\"has-text-align-center\"><em>Project Owner : POSTE IMMO<\/em><\/p>\n\n\n\n<p class=\"has-text-align-center\">30\u202f000 m\u00b2 of industrial hall<br>4\u202f000 m\u00b2 of offices<br>BBC - HQE Performance certified<\/p>\n\n\n\n<h3 class=\"alignfull has-text-align-center wp-block-heading\"><span style=\"color:#2f4a66\" class=\"tadv-color\">Multi-temperature platform<\/span><\/h3>\n\n\n\n<figure class=\"wp-block-image size-large is-style-rounded20px\"><img loading=\"lazy\" decoding=\"async\" width=\"800\" height=\"213\" src=\"http:\/\/s277494397.onlinehome.fr\/wp-content\/uploads\/2021\/06\/cache_27295512.jpg\" alt=\"\" class=\"wp-image-266\" srcset=\"https:\/\/cpia.fr\/wp-content\/uploads\/2021\/06\/cache_27295512.jpg 800w, https:\/\/cpia.fr\/wp-content\/uploads\/2021\/06\/cache_27295512-300x80.jpg 300w, https:\/\/cpia.fr\/wp-content\/uploads\/2021\/06\/cache_27295512-768x204.jpg 768w\" sizes=\"auto, (max-width: 800px) 100vw, 800px\" \/><\/figure>\n\n\n\n<p class=\"has-text-align-center\"><strong>Project Management Assistance on the promoter side<\/strong><\/p>\n\n\n\n<p class=\"has-text-align-center\"><em>Project Owner : STEF<\/em><\/p>\n\n\n\n<p class=\"has-text-align-center translation-block\">7\u202f000 m\u00b2 of negative and positive refrigeration<br>1\u202f000 m\u00b2 of offices<\/p>\n\n\n\n<h3 class=\"alignfull has-text-align-center wp-block-heading\"><span style=\"color:#2f4a66\" class=\"tadv-color\">Diesoil<\/span><\/h3>\n\n\n\n<figure class=\"wp-block-image size-large is-style-rounded20px\"><img loading=\"lazy\" decoding=\"async\" width=\"600\" height=\"192\" src=\"http:\/\/s277494397.onlinehome.fr\/wp-content\/uploads\/2021\/06\/cache_27295884.jpg\" alt=\"\" class=\"wp-image-268\" srcset=\"https:\/\/cpia.fr\/wp-content\/uploads\/2021\/06\/cache_27295884.jpg 600w, https:\/\/cpia.fr\/wp-content\/uploads\/2021\/06\/cache_27295884-300x96.jpg 300w\" sizes=\"auto, (max-width: 600px) 100vw, 600px\" \/><\/figure>\n\n\n\n<p class=\"has-text-align-center\"><strong>Project Management Assistance<\/strong><\/p>\n\n\n\n<p class=\"has-text-align-center\"><em>Project Owner : Diesoil<\/em><\/p>\n\n\n\n<p class=\"has-text-align-center\">Diesoil's industrial site for recycling waste and plastic materirals<\/p>\n<\/div>\n<\/div>","protected":false},"excerpt":{"rendered":"<p>Plateforme logistique Boulanger Assitance \u00e0 Ma\u00eetrise d&rsquo;Ouvrage (AMO)&nbsp;Ma\u00eetre d&rsquo;ouvrage : ID LOGISTICS&nbsp;(Graveson, France, Bouches du Rh\u00f4ne)35\u202f000 m\u00b2 de halles logistiques500 m\u00b2 de bureaux Extension plateforme logistique Boulanger Assitance \u00e0 Ma\u00eetrise d&rsquo;Ouvrage (AMO) pour la r\u00e9alisation du permis de construire Ma\u00eetre d&rsquo;ouvrage : ID LOGISTICS (Graveson, France, Bouches du Rh\u00f4ne)15\u202f000 m\u00b2 Plateforme logistique Galeries Lafayette Assitance [&hellip;]<\/p>\n","protected":false},"author":1,"featured_media":0,"parent":0,"menu_order":0,"comment_status":"closed","ping_status":"closed","template":"","meta":{"_uag_custom_page_level_css":"","footnotes":""},"class_list":["post-237","page","type-page","status-publish","czr-hentry"],"uagb_featured_image_src":{"full":false,"thumbnail":false,"medium":false,"medium_large":false,"large":false,"1536x1536":false,"2048x2048":false,"trp-custom-language-flag":false,"tc-grid-full":false,"tc-grid":false,"tc-thumb":false,"slider-full":false,"slider":false,"tc-sq-thumb":false,"tc-ws-thumb":false,"tc-ws-small-thumb":false,"tc-slider-small":false,"sow-carousel-default":false},"uagb_author_info":{"display_name":"matthieuchardain","author_link":"https:\/\/cpia.fr\/en\/author\/matthieuchardain"},"uagb_comment_info":0,"uagb_excerpt":"Plateforme logistique Boulanger Assitance \u00e0 Ma\u00eetrise d&rsquo;Ouvrage (AMO)&nbsp;Ma\u00eetre d&rsquo;ouvrage : ID LOGISTICS&nbsp;(Graveson, France, Bouches du Rh\u00f4ne)35\u202f000 m\u00b2 de halles logistiques500 m\u00b2 de bureaux Extension plateforme logistique Boulanger Assitance \u00e0 Ma\u00eetrise d&rsquo;Ouvrage (AMO) pour la r\u00e9alisation du permis de construire Ma\u00eetre d&rsquo;ouvrage : ID LOGISTICS (Graveson, France, Bouches du Rh\u00f4ne)15\u202f000 m\u00b2 Plateforme logistique Galeries Lafayette Assitance&hellip;","_links":{"self":[{"href":"https:\/\/cpia.fr\/en\/wp-json\/wp\/v2\/pages\/237","targetHints":{"allow":["GET"]}}],"collection":[{"href":"https:\/\/cpia.fr\/en\/wp-json\/wp\/v2\/pages"}],"about":[{"href":"https:\/\/cpia.fr\/en\/wp-json\/wp\/v2\/types\/page"}],"author":[{"embeddable":true,"href":"https:\/\/cpia.fr\/en\/wp-json\/wp\/v2\/users\/1"}],"replies":[{"embeddable":true,"href":"https:\/\/cpia.fr\/en\/wp-json\/wp\/v2\/comments?post=237"}],"version-history":[{"count":42,"href":"https:\/\/cpia.fr\/en\/wp-json\/wp\/v2\/pages\/237\/revisions"}],"predecessor-version":[{"id":591,"href":"https:\/\/cpia.fr\/en\/wp-json\/wp\/v2\/pages\/237\/revisions\/591"}],"wp:attachment":[{"href":"https:\/\/cpia.fr\/en\/wp-json\/wp\/v2\/media?parent=237"}],"curies":[{"name":"wp","href":"https:\/\/api.w.org\/{rel}","templated":true}]}}